{"id":47279,"date":"2023-06-10T17:49:33","date_gmt":"2023-06-10T22:49:33","guid":{"rendered":"https:\/\/www.yourenglishschooltm.com\/condiciones-de-uso\/"},"modified":"2023-06-10T17:49:37","modified_gmt":"2023-06-10T22:49:37","slug":"condiciones-de-uso","status":"publish","type":"page","link":"https:\/\/www.yourenglishschooltm.com\/es\/condiciones-de-uso\/","title":{"rendered":"Condiciones De Uso"},"content":{"rendered":"<div class=\"gb-container gb-container-b7ef9785\"><div class=\"gb-inside-container\">\n\n<p><strong>Descripci\u00f3n general<\/strong><br\/>Los siguientes son t\u00e9rminos de un acuerdo legal entre usted y Y.E.S.tm. Al acceder, navegar o usar este sitio web, usted reconoce que ha le\u00eddo, entendido y acepta estar sujeto a estos t\u00e9rminos y cumplir con todas las leyes y regulaciones aplicables, incluidas las leyes y regulaciones de control de exportaci\u00f3n y reexportaci\u00f3n. Si no est\u00e1 de acuerdo con estos t\u00e9rminos, no utilice este sitio web.<\/p>\n\n\n\n<p>Y.E.S.tm puede, sin previo aviso, en cualquier momento revisar estos T\u00e9rminos de uso y cualquier otra informaci\u00f3n contenida en este sitio web mediante la actualizaci\u00f3n de esta publicaci\u00f3n. Y.E.S.tm tambi\u00e9n puede realizar mejoras o cambios en los productos, servicios o programas descritos en este sitio en cualquier momento y sin previo aviso.<\/p>\n\n\n\n<p><strong>General<\/strong><br\/>Este sitio web contiene avisos de propiedad e informaci\u00f3n de derechos de autor, cuyos t\u00e9rminos deben observarse y seguirse.<\/p>\n\n\n\n<p>Este sitio y todo el contenido de este sitio no pueden copiarse, reproducirse, volver a publicarse, cargarse, publicarse, transmitirse, distribuirse ni utilizarse para la creaci\u00f3n de trabajos derivados sin el consentimiento previo por escrito de Y.E.S.tm, excepto que Y.E.S.tm le otorga derechos no exclusivos, permiso limitado e intransferible para acceder y mostrar las p\u00e1ginas web dentro de este sitio, \u00fanicamente en su computadora y para su uso personal y no comercial de este sitio web. Este permiso est\u00e1 condicionado a que usted no modifique el contenido que se muestra en este sitio, que mantenga intactos todos los derechos de autor, marcas registradas y otros avisos de propiedad, y que acepte todos los t\u00e9rminos, condiciones y avisos que acompa\u00f1an al contenido o que se establecen de otro modo en este sitio. Sin perjuicio de lo anterior, cualquier software y otros materiales que est\u00e9n disponibles para su descarga, acceso u otro uso desde este sitio con sus propios t\u00e9rminos, condiciones y avisos de licencia se regir\u00e1n por dichos t\u00e9rminos, condiciones y avisos.<\/p>\n\n\n\n<p>Su incumplimiento de los t\u00e9rminos, condiciones y avisos de este sitio dar\u00e1 lugar a la terminaci\u00f3n autom\u00e1tica de cualquier derecho que se le haya otorgado, sin previo aviso, y deber\u00e1 destruir de inmediato todas las copias de los materiales descargados que est\u00e9n en su posesi\u00f3n o bajo su control. Excepto por el permiso limitado en el p\u00e1rrafo anterior, Y.E.S.tm no le otorga ning\u00fan derecho o licencia expreso o impl\u00edcito bajo ninguna patente, marca comercial, derechos de autor u otros derechos de propiedad intelectual o de propiedad. No puede reflejar ninguno de los contenidos de este sitio en otro sitio web o en cualquier otro medio.<\/p>\n\n\n\n<p>Ciertas renuncias de responsabilidad No se promete ni se garantiza que la informaci\u00f3n en este sitio web sea correcta, actual o completa, y este sitio puede contener inexactitudes t\u00e9cnicas o errores tipogr\u00e1ficos. Y.E.S.tm no asume ninguna responsabilidad (y renuncia expresamente a la responsabilidad) por la actualizaci\u00f3n de este sitio para mantener la informaci\u00f3n actualizada o para garantizar la precisi\u00f3n o integridad de cualquier informaci\u00f3n publicada. En consecuencia, debe confirmar la precisi\u00f3n y la integridad de toda la informaci\u00f3n publicada antes de tomar cualquier decisi\u00f3n relacionada con los servicios, productos u otros asuntos descritos en este sitio.<\/p>\n\n\n\n<p>Y.E.S.tm no garantiza que Y.E.S.tm resuelva cualquier problema informado, incluso si Y.E.S.tm elige proporcionar informaci\u00f3n con el objetivo de abordar un problema.<\/p>\n\n\n\n<p><strong>Informaci\u00f3n Confidencial<\/strong><br\/>Y.E.S.tm no desea recibir informaci\u00f3n confidencial o de propiedad exclusiva de usted a trav\u00e9s de nuestro sitio web. Tenga en cuenta que cualquier informaci\u00f3n o material enviado a Y.E.S.tm se considerar\u00e1 NO confidencial. Al enviar a Y.E.S.tm cualquier informaci\u00f3n o material, otorga a Y.E.S.tm una licencia irrevocable y sin restricciones para copiar, reproducir, publicar, cargar, enviar, transmitir, distribuir, exhibir p\u00fablicamente, ejecutar, modificar, crear trabajos derivados y utilizar libremente, esos materiales o informaci\u00f3n. Tambi\u00e9n acepta que Y.E.S.tm es libre de usar cualquier idea, concepto, conocimiento o t\u00e9cnica que nos env\u00ede para cualquier prop\u00f3sito. Sin embargo, no divulgaremos su nombre ni publicitaremos el hecho de que nos envi\u00f3 materiales u otra informaci\u00f3n a menos que: (a) obtengamos su permiso para usar su nombre; o (b) primero le notificamos que los materiales u otra informaci\u00f3n que env\u00ede a una parte particular de este sitio se publicar\u00e1n o utilizar\u00e1n con su nombre; o (c) estamos obligados a hacerlo por ley. La informaci\u00f3n de identificaci\u00f3n personal que env\u00ede a Y.E.S.tm con el fin de recibir productos o servicios se manejar\u00e1 de acuerdo con nuestras pol\u00edticas de privacidad. Consulte la p\u00e1gina titulada &#8220;Pol\u00edtica de privacidad&#8221; para obtener informaci\u00f3n sobre las pol\u00edticas de privacidad de Y.E.S.tm.<\/p>\n\n\n\n<p><strong>Relaciones Comerciales<\/strong><br\/>Este sitio web puede proporcionar enlaces o referencias a sitios web y recursos que no son de Y.E.S.tm. Y.E.S.tm no hace representaciones, garant\u00edas u otros compromisos de ning\u00fan tipo sobre ning\u00fan sitio web que no sea de Y.E.S.tm o recursos de terceros a los que se pueda hacer referencia, acceder o vincular a cualquier sitio de Y.E.S.tm. Un enlace a un sitio web que no es de Y.E.S.tm no significa que Y.E.S.tm respalde el contenido o el uso de dicho sitio web o de su propietario. Adem\u00e1s, Y.E.S.tm no es parte ni es responsable de ninguna transacci\u00f3n que pueda realizar con terceros, incluso si se entera de dichas partes (o utiliza un enlace a dichas partes) desde el sitio de Y.E.S.tm. En consecuencia, usted reconoce y acepta que Y.E.S.tm no es responsable de la disponibilidad de dichos sitios o recursos externos, y no es responsable de ning\u00fan contenido, servicio, producto u otro material disponible en esos sitios o recursos.<\/p>\n\n\n\n<p>Cuando acceda a un sitio web que no sea de Y.E.S.tm, incluso uno que pueda contener el logotipo de Y.E.S.tm, comprenda que es independiente de Y.E.S.tm y que Y.E.S.tm no controla el contenido de ese sitio web. Depende de usted tomar precauciones para protegerse de virus, gusanos, troyanos y otros programas potencialmente destructivos, y proteger su informaci\u00f3n como lo considere apropiado.<\/p>\n\n\n\n<p><strong>Vinculaci\u00f3n A Este Sitio<\/strong><br\/>Todos los enlaces a este sitio web deben ser aprobados por escrito por Y.E.S.tm, excepto que Y.E.S.tm consiente enlaces en los que el enlace y las p\u00e1ginas que son activadas por el enlace no: (a) crear marcos alrededor de cualquier p\u00e1gina de este sitio web o usar otras t\u00e9cnicas que alteren de alguna manera la presentaci\u00f3n visual o la apariencia de cualquier contenido dentro de este sitio; (b) tergiversar su relaci\u00f3n con Y.E.S.tm; (c) dar a entender que Y.E.S.tm lo aprueba o respalda a usted, su sitio web o sus ofertas de servicios o productos; y (d) presentar impresiones falsas o enga\u00f1osas sobre Y.E.S.tm o da\u00f1ar de otro modo el fondo de comercio asociado con el nombre o las marcas registradas de Y.E.S.tm. Como condici\u00f3n adicional para que se le permita vincular a este sitio, usted acepta que Y.E.S.tm puede, en cualquier momento, a su exclusivo criterio, rescindir el permiso para vincular a este sitio web. En tal caso, acepta eliminar de inmediato todos los enlaces a este sitio web y dejar de usar cualquier marca comercial de Y.E.S.tm.<\/p>\n\n\n\n<p><strong>Renuncia De Garant\u00eda<\/strong><br\/>El uso de este sitio es bajo su propio riesgo. Todos los materiales, informaci\u00f3n, productos, software, programas y servicios se proporcionan &#8220;tal cual&#8221;, sin garant\u00edas ni garant\u00edas de ning\u00fan tipo. Y.E.S.tm renuncia expresamente, en la m\u00e1xima medida permitida por la ley, a todas las garant\u00edas, garant\u00edas o representaciones expresas, impl\u00edcitas, estatutarias y de otro tipo, incluidas, entre otras, las garant\u00edas de comerciabilidad, idoneidad para un prop\u00f3sito particular y no infracci\u00f3n de derechos de propiedad y derechos de propiedad intelectual. Sin limitaci\u00f3n, Y.E.S.tm no garantiza ni garantiza que este sitio web sea ininterrumpido, oportuno, seguro o libre de errores.<\/p>\n\n\n\n<p>Usted comprende y acepta que si descarga u obtiene materiales, informaci\u00f3n, productos, software, programas o servicios, lo hace bajo su propia discreci\u00f3n y riesgo y que ser\u00e1 el \u00fanico responsable de cualquier da\u00f1o que pueda resultar, incluida la p\u00e9rdida de datos o da\u00f1os a su sistema inform\u00e1tico.<\/p>\n\n\n\n<p>Algunas jurisdicciones no permiten la exclusi\u00f3n de garant\u00edas, por lo que es posible que la exclusi\u00f3n anterior no se aplique a usted.<\/p>\n\n\n\n<p><strong>Limitaci\u00f3n De Responsabilidad<\/strong><br\/>En ning\u00fan caso, Y.E.S.tm ser\u00e1 responsable ante ninguna de las partes por da\u00f1os directos, indirectos, incidentales, especiales, ejemplares o consecuentes de cualquier tipo relacionados con o que surjan de este sitio web o cualquier uso de este sitio web, o de cualquier sitio o recurso vinculado, al que se hace referencia o al que se accede a trav\u00e9s de este sitio web, o para el uso o la descarga de, o el acceso a, cualquier material, informaci\u00f3n, producto o servicio, incluidos, entre otros, cualquier lucro cesante, interrupci\u00f3n del negocio, p\u00e9rdida de ahorros o p\u00e9rdida de programas u otros datos, incluso si se advierte expresamente a Y.E.S.tm de la posibilidad de tales da\u00f1os. Esta exclusi\u00f3n y renuncia de responsabilidad se aplica a todas las causas de acci\u00f3n, ya sea que se basen en un contrato, garant\u00eda, agravio o cualquier otra teor\u00eda legal.<\/p>\n\n\n\n<p>Se pueden aplicar t\u00e9rminos, condiciones y avisos adicionales o diferentes a materiales, informaci\u00f3n, productos, software y servicios espec\u00edficos que se ofrecen a trav\u00e9s de este sitio web. En caso de conflicto, dichos t\u00e9rminos, condiciones y avisos adicionales o diferentes prevalecer\u00e1n sobre estos T\u00e9rminos de uso. Consulte el acuerdo o aviso aplicable.<\/p>\n\n<\/div><\/div>","protected":false},"excerpt":{"rendered":"<p>Descripci\u00f3n generalLos siguientes son t\u00e9rminos de un acuerdo legal entre usted y Y.E.S.tm. Al acceder, navegar o usar este sitio web, usted reconoce que ha le\u00eddo, entendido y acepta estar sujeto a estos t\u00e9rminos y cumplir con todas las leyes y regulaciones aplicables, incluidas las leyes y regulaciones de control de exportaci\u00f3n y reexportaci\u00f3n. Si &#8230; <a title=\"Condiciones De Uso\" class=\"read-more\" href=\"https:\/\/www.yourenglishschooltm.com\/es\/condiciones-de-uso\/\" aria-label=\"Leer m\u00e1s sobre Condiciones De Uso\">Leer m\u00e1s<\/a><\/p>\n","protected":false},"author":105,"featured_media":0,"parent":0,"menu_order":16,"comment_status":"closed","ping_status":"closed","template":"","meta":{"footnotes":""},"class_list":["post-47279","page","type-page","status-publish"],"_links":{"self":[{"href":"https:\/\/www.yourenglishschooltm.com\/es\/wp-json\/wp\/v2\/pages\/47279","targetHints":{"allow":["GET"]}}],"collection":[{"href":"https:\/\/www.yourenglishschooltm.com\/es\/wp-json\/wp\/v2\/pages"}],"about":[{"href":"https:\/\/www.yourenglishschooltm.com\/es\/wp-json\/wp\/v2\/types\/page"}],"author":[{"embeddable":true,"href":"https:\/\/www.yourenglishschooltm.com\/es\/wp-json\/wp\/v2\/users\/105"}],"replies":[{"embeddable":true,"href":"https:\/\/www.yourenglishschooltm.com\/es\/wp-json\/wp\/v2\/comments?post=47279"}],"version-history":[{"count":0,"href":"https:\/\/www.yourenglishschooltm.com\/es\/wp-json\/wp\/v2\/pages\/47279\/revisions"}],"wp:attachment":[{"href":"https:\/\/www.yourenglishschooltm.com\/es\/wp-json\/wp\/v2\/media?parent=47279"}],"curies":[{"name":"wp","href":"https:\/\/api.w.org\/{rel}","templated":true}]}}