{"id":47273,"date":"2023-06-10T17:26:18","date_gmt":"2023-06-10T22:26:18","guid":{"rendered":"https:\/\/www.yourenglishschooltm.com\/politica-de-privacidad\/"},"modified":"2023-06-10T17:28:09","modified_gmt":"2023-06-10T22:28:09","slug":"politica-de-privacidad","status":"publish","type":"page","link":"https:\/\/www.yourenglishschooltm.com\/es\/politica-de-privacidad\/","title":{"rendered":"Pol\u00edtica De Privacidad"},"content":{"rendered":"<div class=\"gb-container gb-container-7f9dcede\"><div class=\"gb-inside-container\">\n\n<p><strong>Tu Privacidad<\/strong><br\/>Y.E.S.tm se compromete a proteger su privacidad. Solo usamos la informaci\u00f3n que recopilamos sobre usted para brindar apoyo y actualizaciones para nuestra escuela. Siga leyendo para obtener m\u00e1s detalles sobre nuestra pol\u00edtica de privacidad.<\/p>\n\n\n\n<p><strong>\u00bfQu\u00e9 informaci\u00f3n recopilamos?<\/strong><br\/>\u00bfC\u00f3mo la usamos? Cuando se inscribe, necesitamos saber su nombre, direcci\u00f3n de correo electr\u00f3nico y pa\u00eds de origen. Esto nos permite procesar su inscripci\u00f3n y notificarle cualquier actualizaci\u00f3n. <\/p>\n\n\n\n<p><strong>\u00bfC\u00f3mo protege Y.E.S.tm la informaci\u00f3n de los estudiantes?<\/strong><br\/>Utilizamos un servidor seguro para recopilar y transmitir datos. La capa de servidor seguro (SSL) encripta (codifica) toda la informaci\u00f3n que ingresa antes de que se transmita a trav\u00e9s de Internet y nos la env\u00ede. Adem\u00e1s, todos los datos de los clientes que recopilamos est\u00e1n protegidos contra el acceso no autorizado.<\/p>\n\n\n\n<p><strong>\u00bfQu\u00e9 pasa con las &#8220;cookies&#8221;?<\/strong><br\/>Las &#8220;cookies&#8221; son peque\u00f1os fragmentos de informaci\u00f3n que su navegador almacena en el disco duro de su computadora. No utilizamos cookies para recopilar o almacenar informaci\u00f3n sobre los visitantes.<\/p>\n\n\n\n<p><strong>\u00bfY.E.S.tm divulgar\u00e1 la informaci\u00f3n que recopila a terceros?<\/strong><br\/>Y.E.S.tm no vende, intercambia ni alquila su informaci\u00f3n personal a otros. Y.E.S.tm puede proporcionar estad\u00edsticas agregadas sobre nuestros estudiantes, patrones de tr\u00e1fico e informaci\u00f3n relacionada con el sitio a proveedores externos acreditados, pero estas estad\u00edsticas no incluir\u00e1n informaci\u00f3n de identificaci\u00f3n personal.<\/p>\n\n\n\n<p>Y.E.S.tm puede divulgar informaci\u00f3n de la cuenta cuando creamos, de buena fe, que dicha divulgaci\u00f3n es razonablemente necesaria para (i) cumplir con la ley, (ii) hacer cumplir o aplicar los t\u00e9rminos de cualquiera de nuestros acuerdos de usuario o (iii) proteger los derechos, la propiedad o la seguridad de Y.E.S.tm, nuestros usuarios u otros.<\/p>\n\n\n\n<p>En Resumen Y.E.S.tm se compromete a proteger su privacidad. Usamos la informaci\u00f3n que recopilamos en el sitio para que el aprendizaje en YourEnglishSchooltm.com sea lo m\u00e1s simple posible y para mejorar su experiencia de aprendizaje en general. No vendemos, intercambiamos ni alquilamos su informaci\u00f3n personal a otros.<\/p>\n\n\n\n<p><strong>Tu Consentimiento<\/strong><br\/>Al usar nuestro sitio web, usted da su consentimiento para que Y.E.S.tm recopile y use esta informaci\u00f3n. Si decidimos cambiar nuestra pol\u00edtica de privacidad, publicaremos esos cambios en esta p\u00e1gina para que siempre sepa qu\u00e9 informaci\u00f3n recopilamos, c\u00f3mo la usamos y en qu\u00e9 circunstancias la divulgamos.<\/p>\n\n\n\n<p>Y.E.S.tm tambi\u00e9n proporciona enlaces a sitios afiliados. Las pol\u00edticas de privacidad de estos sitios vinculados son responsabilidad del sitio vinculado y Y.E.S.tm no tiene control ni influencia sobre sus pol\u00edticas. Consulte las pol\u00edticas de cada sitio que visite para obtener informaci\u00f3n espec\u00edfica. Y.E.S.tm no se hace responsable por da\u00f1os o malas acciones de otros sitios vinculados o de otra manera.<\/p>\n\n\n\n<p><strong>Preguntas y Comentarios<\/strong><br\/>Si tiene alguna pregunta o comentario relacionado con nuestra Pol\u00edtica de privacidad, visite nuestra p\u00e1gina de contacto para enviarnos un correo electr\u00f3nico.<\/p>\n\n\n\n<p>\u00a1Gracias por visitar YourEnglishSchooltm.com!<\/p>\n\n<\/div><\/div>","protected":false},"excerpt":{"rendered":"<p>Tu PrivacidadY.E.S.tm se compromete a proteger su privacidad. Solo usamos la informaci\u00f3n que recopilamos sobre usted para brindar apoyo y actualizaciones para nuestra escuela. Siga leyendo para obtener m\u00e1s detalles sobre nuestra pol\u00edtica de privacidad. \u00bfQu\u00e9 informaci\u00f3n recopilamos?\u00bfC\u00f3mo la usamos? Cuando se inscribe, necesitamos saber su nombre, direcci\u00f3n de correo electr\u00f3nico y pa\u00eds de origen. &#8230; <a title=\"Pol\u00edtica De Privacidad\" class=\"read-more\" href=\"https:\/\/www.yourenglishschooltm.com\/es\/politica-de-privacidad\/\" aria-label=\"Leer m\u00e1s sobre Pol\u00edtica De Privacidad\">Leer m\u00e1s<\/a><\/p>\n","protected":false},"author":105,"featured_media":0,"parent":0,"menu_order":15,"comment_status":"closed","ping_status":"closed","template":"","meta":{"footnotes":""},"class_list":["post-47273","page","type-page","status-publish"],"_links":{"self":[{"href":"https:\/\/www.yourenglishschooltm.com\/es\/wp-json\/wp\/v2\/pages\/47273","targetHints":{"allow":["GET"]}}],"collection":[{"href":"https:\/\/www.yourenglishschooltm.com\/es\/wp-json\/wp\/v2\/pages"}],"about":[{"href":"https:\/\/www.yourenglishschooltm.com\/es\/wp-json\/wp\/v2\/types\/page"}],"author":[{"embeddable":true,"href":"https:\/\/www.yourenglishschooltm.com\/es\/wp-json\/wp\/v2\/users\/105"}],"replies":[{"embeddable":true,"href":"https:\/\/www.yourenglishschooltm.com\/es\/wp-json\/wp\/v2\/comments?post=47273"}],"version-history":[{"count":0,"href":"https:\/\/www.yourenglishschooltm.com\/es\/wp-json\/wp\/v2\/pages\/47273\/revisions"}],"wp:attachment":[{"href":"https:\/\/www.yourenglishschooltm.com\/es\/wp-json\/wp\/v2\/media?parent=47273"}],"curies":[{"name":"wp","href":"https:\/\/api.w.org\/{rel}","templated":true}]}}