{"id":47265,"date":"2023-06-10T17:09:30","date_gmt":"2023-06-10T22:09:30","guid":{"rendered":"https:\/\/www.yourenglishschooltm.com\/como-funciona\/"},"modified":"2023-06-10T17:15:06","modified_gmt":"2023-06-10T22:15:06","slug":"como-funciona","status":"publish","type":"page","link":"https:\/\/www.yourenglishschooltm.com\/es\/como-funciona\/","title":{"rendered":"C\u00f3mo Funciona"},"content":{"rendered":"\n<div class=\"wp-block-buttons is-content-justification-center is-layout-flex wp-container-core-buttons-is-layout-16018d1d wp-block-buttons-is-layout-flex\"><\/div>\n<div class=\"gb-container gb-container-f44a8dd1\"><div class=\"gb-inside-container\">\n\n<h2 class=\"has-text-align-center wp-block-heading\" id=\"block-fe6e0051-20ca-4f2a-b224-8ff2896437fc\"><strong>Inscr\u00edbete en nuestro curso gratuito para inmediatamente<br\/>acceder a todas las lecciones!<\/strong><\/h2>\n\n<\/div><\/div>\n<div style=\"height:46px\" aria-hidden=\"true\" class=\"wp-block-spacer\"><\/div>\n<div class=\"gb-container gb-container-ba0e4df4\"><div class=\"gb-inside-container\">\n<div class=\"gb-grid-wrapper gb-grid-wrapper-92ff4a4b\">\n<div class=\"gb-grid-column gb-grid-column-1e9d72ed\"><div class=\"gb-container gb-container-1e9d72ed\"><div class=\"gb-inside-container\">\n\n<figure class=\"gb-block-image gb-block-image-e4c33a39\"><img decoding=\"async\" class=\"gb-image gb-image-e4c33a39\" src=\"https:\/\/www.yourenglishschooltm.com\/wp-content\/uploads\/multimedia-lessons.png\" alt=\"\" title=\"Lecciones Multimedia\"><\/figure>\n\n\n\n<div style=\"height:9px\" aria-hidden=\"true\" class=\"wp-block-spacer\"><\/div>\n\n\n\n<p class=\"has-text-align-center\"><strong>Lecciones Multimedia<\/strong><\/p>\n\n\n\n<p class=\"has-text-align-left\">Con nuestros divertidos materiales de audio y video, aprender\u00e1 escuchando, leyendo, escribiendo y hablando ingl\u00e9s.<\/p>\n\n<\/div><\/div><\/div>\n\n<div class=\"gb-grid-column gb-grid-column-c0ed259c\"><div class=\"gb-container gb-container-c0ed259c\"><div class=\"gb-inside-container\">\n\n<figure class=\"gb-block-image gb-block-image-5cdfc4c8\"><img decoding=\"async\" class=\"gb-image gb-image-5cdfc4c8\" src=\"https:\/\/www.yourenglishschooltm.com\/wp-content\/uploads\/structured-curriculum.png\" alt=\"\" title=\"Plan De Estudios Estructurado\"><\/figure>\n\n\n\n<div style=\"height:9px\" aria-hidden=\"true\" class=\"wp-block-spacer\"><\/div>\n\n\n\n<p class=\"has-text-align-center\"><strong>Plan De Estudios Estructurado<\/strong><\/p>\n\n\n\n<p class=\"has-text-align-left\">Progresa a trav\u00e9s de nuestras lecciones autodidactas como principiante y domina el idioma ingl\u00e9s con facilidad.<\/p>\n\n<\/div><\/div><\/div>\n\n<div class=\"gb-grid-column gb-grid-column-72305dbc\"><div class=\"gb-container gb-container-72305dbc\"><div class=\"gb-inside-container\">\n\n<figure class=\"gb-block-image gb-block-image-8abb68dd\"><img decoding=\"async\" class=\"gb-image gb-image-8abb68dd\" src=\"https:\/\/www.yourenglishschooltm.com\/wp-content\/uploads\/24-7-flexibility.png\" alt=\"\" title=\"24\/7 Flexibilidad\"><\/figure>\n\n\n\n<div style=\"height:9px\" aria-hidden=\"true\" class=\"wp-block-spacer\"><\/div>\n\n\n\n<p class=\"has-text-align-center\"><strong>24\/7 Flexibilidad<\/strong><\/p>\n\n\n\n<p class=\"has-text-align-left\">Nuestro curso gratuito proporciona la forma m\u00e1s f\u00e1cil de programar y acceder a clases en cualquier momento y en cualquier lugar.<\/p>\n\n<\/div><\/div><\/div>\n<\/div>\n<\/div><\/div><div class=\"gb-container gb-container-f45b873f\"><div class=\"gb-inside-container\">\n\n<div style=\"height:18px\" aria-hidden=\"true\" class=\"wp-block-spacer\"><\/div>\n\n\n\n<p>Muchos estudiantes a menudo se preguntan cu\u00e1nto tiempo lleva aprender ingl\u00e9s. Con su alfabeto fon\u00e9tico y reglas gramaticales, el ingl\u00e9s se considera un idioma dif\u00edcil de aprender. Sin embargo, depende del estudiante individual, la frecuencia de las lecciones y la cantidad de tiempo dedicado al estudio. Una cosa es segura: las recompensas valen mucho el esfuerzo que pondr\u00e1s en tu aprendizaje.<\/p>\n\n\n\n<p>S\u00ed, aprender algunas palabras, oraciones y frases para conversar es divertido, pero aprender el idioma ingl\u00e9s correctamente puede cambiar tu vida y la de tu familia de muchas maneras maravillosas. Esperamos que disfrute de nuestro Curso y le ayude en sus objetivos.<br\/><strong>Your English Schooltm<\/strong><\/p>\n\n\n\n<div style=\"height:18px\" aria-hidden=\"true\" class=\"wp-block-spacer\"><\/div>\n\n\n<div class=\"gb-button-wrapper gb-button-wrapper-26b57967\">\n\n<a class=\"gb-button gb-button-9da79df1 gb-button-text\" href=\"https:\/\/www.yourenglishschooltm.com\/registration\/\">Enl\u00edstate Ahora<\/a>\n\n<\/div>\n<\/div><\/div>","protected":false},"excerpt":{"rendered":"<p>Inscr\u00edbete en nuestro curso gratuito para inmediatamenteacceder a todas las lecciones! Muchos estudiantes a menudo se preguntan cu\u00e1nto tiempo lleva aprender ingl\u00e9s. Con su alfabeto fon\u00e9tico y reglas gramaticales, el ingl\u00e9s se considera un idioma dif\u00edcil de aprender. Sin embargo, depende del estudiante individual, la frecuencia de las lecciones y la cantidad de tiempo dedicado &#8230; <a title=\"C\u00f3mo Funciona\" class=\"read-more\" href=\"https:\/\/www.yourenglishschooltm.com\/es\/como-funciona\/\" aria-label=\"Leer m\u00e1s sobre C\u00f3mo Funciona\">Leer m\u00e1s<\/a><\/p>\n","protected":false},"author":105,"featured_media":0,"parent":0,"menu_order":4,"comment_status":"closed","ping_status":"closed","template":"","meta":{"footnotes":""},"class_list":["post-47265","page","type-page","status-publish"],"_links":{"self":[{"href":"https:\/\/www.yourenglishschooltm.com\/es\/wp-json\/wp\/v2\/pages\/47265","targetHints":{"allow":["GET"]}}],"collection":[{"href":"https:\/\/www.yourenglishschooltm.com\/es\/wp-json\/wp\/v2\/pages"}],"about":[{"href":"https:\/\/www.yourenglishschooltm.com\/es\/wp-json\/wp\/v2\/types\/page"}],"author":[{"embeddable":true,"href":"https:\/\/www.yourenglishschooltm.com\/es\/wp-json\/wp\/v2\/users\/105"}],"replies":[{"embeddable":true,"href":"https:\/\/www.yourenglishschooltm.com\/es\/wp-json\/wp\/v2\/comments?post=47265"}],"version-history":[{"count":0,"href":"https:\/\/www.yourenglishschooltm.com\/es\/wp-json\/wp\/v2\/pages\/47265\/revisions"}],"wp:attachment":[{"href":"https:\/\/www.yourenglishschooltm.com\/es\/wp-json\/wp\/v2\/media?parent=47265"}],"curies":[{"name":"wp","href":"https:\/\/api.w.org\/{rel}","templated":true}]}}