{"id":47261,"date":"2023-06-10T16:59:35","date_gmt":"2023-06-10T21:59:35","guid":{"rendered":"https:\/\/www.yourenglishschooltm.com\/acerca-de\/"},"modified":"2023-06-10T17:10:24","modified_gmt":"2023-06-10T22:10:24","slug":"acerca-de","status":"publish","type":"page","link":"https:\/\/www.yourenglishschooltm.com\/es\/acerca-de\/","title":{"rendered":"Acerca De"},"content":{"rendered":"<div class=\"gb-container gb-container-3d6f43b9\"><div class=\"gb-inside-container\">\n\n<h2 class=\"has-text-align-center wp-block-heading\"><strong>C\u00f3mo comenz\u00f3 su escuela de ingl\u00e9s ESL<\/strong><\/h2>\n\n\n\n<div style=\"height:18px\" aria-hidden=\"true\" class=\"wp-block-spacer\"><\/div>\n\n\n\n<p>Ense\u00f1\u00e9 en China continental en la d\u00e9cada de 1980. Luego, en Europa del Este despu\u00e9s de la ca\u00edda del &#8216;Muro&#8217;. Luego, en y sobre la frontera de M\u00e9xico con Texas durante unos diez a\u00f1os. Entonces decidimos poner nuestra escuela en l\u00ednea, debido a los muchos estudiantes exitosos que hemos tenido.<\/p>\n\n\n\n<p>Hemos utilizado, probado y estructurado el curso de ESL de nuestra escuela para que el estudiante lo use para aprender mejor el ingl\u00e9s, continuar creciendo en su uso correcto y dominar el ingl\u00e9s a un nivel de ingreso a la universidad. Un graduado podr\u00e1 pensar, conversar, escribir, discernir y continuar creciendo en su uso del ingl\u00e9s.<\/p>\n\n\n\n<p>Todos los estudiantes podr\u00e1n y se les permitir\u00e1 aprender a su propio ritmo durante el tiempo que deseen o necesiten. El curso de ESL es una escuela y no conversacional. Proporcionar\u00e1 el mejor m\u00e9todo para que el estudiante aprenda y contin\u00fae creciendo por su cuenta en el uso del ingl\u00e9s, tal como lo hace un hablante nativo y usuario de ingl\u00e9s.<\/p>\n\n\n\n<p>Nuestro deseo es que disfrutes del Curso a lo largo de los a\u00f1os. Sabemos que le resultar\u00e1 dif\u00edcil durante un tiempo, pero pronto se facilitar\u00e1 y se convertir\u00e1 en parte de su m\u00e9todo de aprendizaje.<\/p>\n\n\n\n<p>Lo mejor para ti desde<br\/>Y.E.S.tm<br\/>Max Moore<\/p>\n\n<\/div><\/div>","protected":false},"excerpt":{"rendered":"<p>C\u00f3mo comenz\u00f3 su escuela de ingl\u00e9s ESL Ense\u00f1\u00e9 en China continental en la d\u00e9cada de 1980. Luego, en Europa del Este despu\u00e9s de la ca\u00edda del &#8216;Muro&#8217;. Luego, en y sobre la frontera de M\u00e9xico con Texas durante unos diez a\u00f1os. Entonces decidimos poner nuestra escuela en l\u00ednea, debido a los muchos estudiantes exitosos que &#8230; <a title=\"Acerca De\" class=\"read-more\" href=\"https:\/\/www.yourenglishschooltm.com\/es\/acerca-de\/\" aria-label=\"Leer m\u00e1s sobre Acerca De\">Leer m\u00e1s<\/a><\/p>\n","protected":false},"author":105,"featured_media":0,"parent":0,"menu_order":2,"comment_status":"closed","ping_status":"closed","template":"","meta":{"footnotes":""},"class_list":["post-47261","page","type-page","status-publish"],"_links":{"self":[{"href":"https:\/\/www.yourenglishschooltm.com\/es\/wp-json\/wp\/v2\/pages\/47261","targetHints":{"allow":["GET"]}}],"collection":[{"href":"https:\/\/www.yourenglishschooltm.com\/es\/wp-json\/wp\/v2\/pages"}],"about":[{"href":"https:\/\/www.yourenglishschooltm.com\/es\/wp-json\/wp\/v2\/types\/page"}],"author":[{"embeddable":true,"href":"https:\/\/www.yourenglishschooltm.com\/es\/wp-json\/wp\/v2\/users\/105"}],"replies":[{"embeddable":true,"href":"https:\/\/www.yourenglishschooltm.com\/es\/wp-json\/wp\/v2\/comments?post=47261"}],"version-history":[{"count":0,"href":"https:\/\/www.yourenglishschooltm.com\/es\/wp-json\/wp\/v2\/pages\/47261\/revisions"}],"wp:attachment":[{"href":"https:\/\/www.yourenglishschooltm.com\/es\/wp-json\/wp\/v2\/media?parent=47261"}],"curies":[{"name":"wp","href":"https:\/\/api.w.org\/{rel}","templated":true}]}}