{"id":47257,"date":"2023-06-10T16:52:37","date_gmt":"2023-06-10T21:52:37","guid":{"rendered":"https:\/\/www.yourenglishschooltm.com\/hogar\/"},"modified":"2023-06-10T18:04:39","modified_gmt":"2023-06-10T23:04:39","slug":"hogar","status":"publish","type":"page","link":"https:\/\/www.yourenglishschooltm.com\/es\/","title":{"rendered":"Hogar"},"content":{"rendered":"<div class=\"gb-container gb-container-9ac19a67 alignfull\"><div class=\"gb-inside-container\">\n<div id=\"gutenslider-tcj5k7plo\" class=\"wp-block-eedee-block-gutenslider gs-frontend content-change alignfull arrow-style-1 arrow-position-sides arrow-mb-none arrows-lg arrows-md arrows-sm dot-style-1 dots-lg dots-md dots-sm dot-position-bottom is-position-center-center mb-none wrap-auto-height\" data-parallax-direction=\"down\" data-parallax-amount=\"1.3\" data-lg-transition=\"lg-slide\" data-hash=\"\" ><div class=\"eedee-swiper-outer\" style=\"--gutenslider-min-height: 60vh;--gutenslider-arrow-size: 30px;--gutenslider-dot-size: 25px;--gutenslider-arrow-color: #ffffff;--gutenslider-dot-color: #ffffff;--gutenslider-padding-y-mobile: 40px;--gutenslider-padding-x-mobile: 40px;--gutenslider-padding-y-tablet: 40px;--gutenslider-padding-x-tablet: 40px;--gutenslider-padding-y-desktop: 40px;--gutenslider-padding-x-desktop: 40px;--gutenslider-bg-image: url();--gutenslider-min-height-md: 50vh;--gutenslider-min-height-sm: 50vh;--gutenslider-padding-x: 40px;--gutenslider-padding-x-md: 40px;--gutenslider-padding-x-sm: 20px;--gutenslider-padding-y: 40px;--gutenslider-padding-y-md: 40px;--gutenslider-padding-y-sm: 20px;--gutenslider-arrow-size-md: 30px;--gutenslider-arrow-size-sm: 30px;--gutenslider-dot-size-md: 25px;--gutenslider-dot-size-sm: 25px;--gutenslider-arrow-bg-color: transparent;--gutenslider-arrow-hover-color: #eeeeee;--gutenslider-arrow-bg-hover-color: transparent;--gutenslider-arrow-x-offset: 10px;--gutenslider-arrow-x-offset-md: 10px;--gutenslider-arrow-x-offset-sm: 10px;--gutenslider-arrow-y-offset: 0px;--gutenslider-arrow-y-offset-md: 0px;--gutenslider-arrow-y-offset-sm: 0px;--gutenslider-arrow-x-spacing: 0px;--gutenslider-dot-y-offset: 10px;--gutenslider-dot-y-offset-md: 10px;--gutenslider-dot-y-offset-sm: 10px;--gutenslider-margin-x: 0px;--gutenslider-margin-x-md: 0px;--gutenslider-margin-x-sm: 0px;--gutenslider-margin-y: 0px;--gutenslider-margin-y-md: 0px;--gutenslider-margin-y-sm: 0px;--gutenslider-divider-top: 60px;--gutenslider-divider-bottom: 60px;--gutenslider-lightgallery-bg: #ffffff;--gutenslider-lightgallery-font: #000000;--gs-first-pos: 50% 50%;--gs-gap-vertical: var( --wp--style--gallery-gap-default, var( --gallery-block--gutter-size, var( --wp--style--block-gap, 0.5em ) ) );--gs-gap-horizontal: var( --wp--style--gallery-gap-default, var( --gallery-block--gutter-size, var( --wp--style--block-gap, 0.5em ) ) );\"><div class=\"gutenslider-divider-top\" style=\"color:#fff;\"><\/div><div class=\"swiper\" data-settings='{\"autoplay\":{\"delay\":3000,\"pauseOnMouseEnter\":true,\"disableOnInteraction\":false},\"speed\":700,\"direction\":\"horizontal\",\"autoHeight\":\"\",\"loop\":true,\"centeredSlides\":true,\"spaceBetween\":0,\"slidesPerView\":1,\"slidesPerGroup\":1,\"effect\":\"slide\",\"coverflowEffect\":{\"rotate\":30,\"slideShadows\":false,\"depth\":100,\"stretch\":50,\"modifier\":1},\"fadeEffect\":{\"crossFade\":true},\"zoom\":\"\",\"navigation\":{\"nextEl\":\"#gutenslider-tcj5k7plo .eedee-gutenslider-next\",\"prevEl\":\"#gutenslider-tcj5k7plo .eedee-gutenslider-prev\"},\"pagination\":{\"type\":\"bullets\",\"clickable\":true,\"dynamicBullets\":false,\"el\":\"#gutenslider-tcj5k7plo .eedee-gutenslider-pagination\"},\"pauseOnHover\":\"1\",\"watchSlidesProgress\":true,\"watchSlidesVisibility\":true,\"settingsMd\":{\"autoHeight\":\"\",\"slidesPerView\":1,\"slidesPerGroup\":1,\"spaceBetween\":0,\"loop\":true},\"settingsLg\":{\"autoHeight\":\"\",\"slidesPerView\":1,\"slidesPerGroup\":1,\"spaceBetween\":0,\"loop\":true},\"hasLg\":false,\"hasLgCounter\":true,\"isFullScreen\":false,\"arrowsFollowMouse\":false,\"lgTitle\":\"none\",\"lgCaption\":\"none\",\"lgThumbnails\":true,\"lgZoomEnabled\":false,\"keyboard\":{\"keyboard\":{\"enabled\":true,\"onlyInViewport\":true}},\"hashNavigation\":false,\"dividers\":false}'><div class=\"swiper-wrapper\">\n<div class=\"swiper-slide wp-block-eedee-block-gutenslide is-position-center-center ed-bg-image\" style=\"--ed-vw:;--ed-vh:;\" data-hash=\"\"><div class=\"eedee-background-div bg-image\"><img class=\"wp-image-24646\" src=\"https:\/\/www.yourenglishschooltm.com\/wp-content\/uploads\/yes-slider-1-1024x576.jpg\" alt=\"\" decoding=\"async\" style=\"object-fit: cover; object-position: 50% 50%;\"  \/><div class=\"eedee-background-div__overlay\" style=\"opacity:1;\"><\/div><\/div><div class=\"slide-content\">\n\n<p class=\"has-text-align-center gutenslider-content-initial has-base-3-color has-text-color\" style=\"font-size:24px\"><strong>Hola y bienvenidos a Your English School tm<\/strong><br\/><strong>\u00a1Esta escuela de ESL es gratis!<br\/>sin matr\u00edcula, sin libros &#8211; GRATIS.<br\/>Te dar\u00e1 muchos a\u00f1os de estudiar ingl\u00e9s correctamente. Le deseamos mucho \u00e9xito. <\/strong><\/p>\n\n\n<div class=\"gb-button-wrapper gb-button-wrapper-1b83c27b\">\n\n<a class=\"gb-button gb-button-e51769a7 gb-button-text\" href=\"https:\/\/www.yourenglishschooltm.com\/es\/registro\/\">Enl\u00edstate Ahora<\/a>\n\n<\/div>\n<\/div><\/div>\n\n<div class=\"swiper-slide wp-block-eedee-block-gutenslide is-position-center-center ed-bg-image\" style=\"--ed-vw:;--ed-vh:;\" data-hash=\"\"><div class=\"eedee-background-div bg-image\"><img class=\"wp-image-24647\" src=\"https:\/\/www.yourenglishschooltm.com\/wp-content\/uploads\/yes-slider-2-1024x576.jpg\" alt=\"\" decoding=\"async\" style=\"object-fit: cover; object-position: 50% 50%;\"  \/><div class=\"eedee-background-div__overlay\" style=\"opacity:1;\"><\/div><\/div><div class=\"slide-content\">\n\n<p class=\"has-text-align-center gutenslider-content-initial has-base-3-color has-text-color\" style=\"font-size:24px\"><strong>Consigue ese gran trabajo, aprueba un examen, viaja&#8230; <\/strong><\/p>\n\n\n\n<h2 class=\"gb-headline gb-headline-d8fefab1 gb-headline-text gutenslider-content-initial\"><strong>Nuestro curso GRATUITO de ESL ofrece<\/strong><\/h2>\n\n\n\n<h2 class=\"gb-headline gb-headline-d4780b8a gb-headline-text gutenslider-content-initial\"><strong>con un plan de estudios estructurado y probado.<\/strong><\/h2>\n\n\n\n<p class=\"has-text-align-center gutenslider-content-initial has-base-3-color has-text-color\" style=\"font-size:24px\"><strong>Aprender\u00e1s a hablar el idioma como un hablante nativo.<\/strong> <\/p>\n\n\n<div class=\"gb-button-wrapper gb-button-wrapper-2b3e4fde\">\n\n<a class=\"gb-button gb-button-5ad0e061 gb-button-text\" href=\"https:\/\/www.yourenglishschooltm.com\/es\/registro\/\">Enl\u00edstate Ahora<\/a>\n\n<\/div>\n<\/div><\/div>\n\n<div class=\"swiper-slide wp-block-eedee-block-gutenslide is-position-center-center ed-bg-image\" style=\"--ed-vw:;--ed-vh:;\" data-hash=\"\"><div class=\"eedee-background-div bg-image\"><img class=\"wp-image-24648\" src=\"https:\/\/www.yourenglishschooltm.com\/wp-content\/uploads\/yes-slider-3-1024x576.jpg\" alt=\"\" decoding=\"async\" style=\"object-fit: cover; object-position: 50% 50%;\"  \/><div class=\"eedee-background-div__overlay\" style=\"opacity:1;\"><\/div><\/div><div class=\"slide-content\">\n\n<p class=\"has-text-align-center gutenslider-content-initial has-base-3-color has-text-color\" style=\"font-size:24px\"><strong>Aprende donde te sientas m\u00e1s c\u00f3modo, ya sea en tu casa, tu oficina o en una cafeter\u00eda. <\/strong><\/p>\n\n\n\n<h2 class=\"gb-headline gb-headline-9cd17a6b gb-headline-text gutenslider-content-initial\"><strong>Aprenda en cualquier lugar, en cualquier momento.<\/strong><\/h2>\n\n\n\n<h2 class=\"gb-headline gb-headline-ff738063 gb-headline-text gutenslider-content-initial\"><strong>\u00a1Esta escuela siempre est\u00e1 abierta!<\/strong><\/h2>\n\n\n\n<p class=\"has-text-align-center gutenslider-content-initial has-base-3-color has-text-color\" style=\"font-size:24px\"><strong>Todo lo que necesitas es una conexi\u00f3n a Internet.<\/strong> <\/p>\n\n\n<div class=\"gb-button-wrapper gb-button-wrapper-db729e00\">\n\n<a class=\"gb-button gb-button-124b84c3 gb-button-text\" href=\"https:\/\/www.yourenglishschooltm.com\/es\/registro\/\">Enl\u00edstate Ahora<\/a>\n\n<\/div>\n<\/div><\/div>\n<\/div><\/div><button class=\"eedee-gutenslider-nav eedee-gutenslider-prev\"><svg xmlns=\"http:\/\/www.w3.org\/2000\/svg\" viewBox=\"0 0 24 24\" width=\"24\" height=\"24\"><circle class=\"bg\" cx=\"13\" cy=\"12\" r=\"11\" \/><path fill=\"none\" d=\"M0 0h24v24H0z\"\/><path class=\"arrow\" d=\"M10.828 12l4.95 4.95-1.414 1.414L8 12l6.364-6.364 1.414 1.414z\"\/><\/svg><\/button><button class=\"eedee-gutenslider-nav eedee-gutenslider-next\"><svg xmlns=\"http:\/\/www.w3.org\/2000\/svg\" viewBox=\"0 0 24 24\" width=\"24\" height=\"24\"><circle class=\"bg\" cx=\"11\" cy=\"12\" r=\"11\" \/><path fill=\"none\" d=\"M0 0h24v24H0z\"\/><path class=\"arrow\" d=\"M13.172 12l-4.95-4.95 1.414-1.414L16 12l-6.364 6.364-1.414-1.414z\"\/><\/svg><\/button><div class=\"eedee-gutenslider-pagination\"><\/div><div class=\"gutenslider-divider-bottom \" style=\"color:#fff;\"><\/div><\/div><\/div>\n<\/div><\/div><div class=\"gb-container gb-container-f7345af1 alignfull\"><div class=\"gb-inside-container\">\n\n<h3 class=\"gb-headline gb-headline-34badc92 gb-headline-text\"><strong>Como se ve en:<\/strong><\/h3>\n\n\n<div class=\"gb-grid-wrapper gb-grid-wrapper-9aea6f46\">\n<div class=\"gb-grid-column gb-grid-column-bd5e5495\"><div class=\"gb-container gb-container-bd5e5495\"><div class=\"gb-inside-container\">\n\n<figure class=\"gb-block-image gb-block-image-b46a80f3\"><img decoding=\"async\" class=\"gb-image gb-image-b46a80f3\" src=\"https:\/\/www.yourenglishschooltm.com\/wp-content\/uploads\/abc-news.png\" alt=\"\" title=\"ABC Noticias\"><\/figure>\n\n\n\n<div style=\"height:18px\" aria-hidden=\"true\" class=\"wp-block-spacer\"><\/div>\n\n<\/div><\/div><\/div>\n\n<div class=\"gb-grid-column gb-grid-column-f5764ba3\"><div class=\"gb-container gb-container-f5764ba3\"><div class=\"gb-inside-container\">\n\n<figure class=\"gb-block-image gb-block-image-c0d8e909\"><img decoding=\"async\" class=\"gb-image gb-image-c0d8e909\" src=\"https:\/\/www.yourenglishschooltm.com\/wp-content\/uploads\/the-cw-news.png\" alt=\"\" title=\"CW Noticias\"><\/figure>\n\n\n\n<div style=\"height:18px\" aria-hidden=\"true\" class=\"wp-block-spacer\"><\/div>\n\n<\/div><\/div><\/div>\n\n<div class=\"gb-grid-column gb-grid-column-4bcc6c36\"><div class=\"gb-container gb-container-4bcc6c36\"><div class=\"gb-inside-container\">\n\n<figure class=\"gb-block-image gb-block-image-456bede3\"><img decoding=\"async\" class=\"gb-image gb-image-456bede3\" src=\"https:\/\/www.yourenglishschooltm.com\/wp-content\/uploads\/nbc-news.png\" alt=\"\" title=\"NBC Noticias\"><\/figure>\n\n\n\n<div style=\"height:18px\" aria-hidden=\"true\" class=\"wp-block-spacer\"><\/div>\n\n<\/div><\/div><\/div>\n\n<div class=\"gb-grid-column gb-grid-column-30071e0c\"><div class=\"gb-container gb-container-30071e0c\"><div class=\"gb-inside-container\">\n\n<figure class=\"gb-block-image gb-block-image-a26114f5\"><img decoding=\"async\" class=\"gb-image gb-image-a26114f5\" src=\"https:\/\/www.yourenglishschooltm.com\/wp-content\/uploads\/fox-news.png\" alt=\"\" title=\"FOX Noticias\"><\/figure>\n\n\n\n<div style=\"height:18px\" aria-hidden=\"true\" class=\"wp-block-spacer\"><\/div>\n\n<\/div><\/div><\/div>\n\n<div class=\"gb-grid-column gb-grid-column-ee0ee094\"><div class=\"gb-container gb-container-ee0ee094\"><div class=\"gb-inside-container\">\n\n<figure class=\"gb-block-image gb-block-image-a6321fca\"><img decoding=\"async\" class=\"gb-image gb-image-a6321fca\" src=\"https:\/\/www.yourenglishschooltm.com\/wp-content\/uploads\/cbs-news.png\" alt=\"\" title=\"CBS Noticias\"><\/figure>\n\n\n\n<div style=\"height:18px\" aria-hidden=\"true\" class=\"wp-block-spacer\"><\/div>\n\n<\/div><\/div><\/div>\n<\/div>\n<\/div><\/div>\n<div style=\"height:36px\" aria-hidden=\"true\" class=\"wp-block-spacer\"><\/div>\n<div class=\"gb-container gb-container-b474b1cc\"><div class=\"gb-inside-container\">\n<div class=\"gb-grid-wrapper gb-grid-wrapper-fa87f6e9\">\n<div class=\"gb-grid-column gb-grid-column-7e85fece\"><div class=\"gb-container gb-container-7e85fece\"><div class=\"gb-inside-container\">\n\n<div style=\"height:69px\" aria-hidden=\"true\" class=\"wp-block-spacer\"><\/div>\n\n\n\n<h3 class=\"wp-block-heading\">Aprende ingl\u00e9s en l\u00ednea usando este curso.<\/h3>\n\n\n\n<div style=\"height:9px\" aria-hidden=\"true\" class=\"wp-block-spacer\"><\/div>\n\n\n\n<p>Al tomar este curso gratuito, aprender\u00e1 a hablar ingl\u00e9s americano y podr\u00e1 mantener una conversaci\u00f3n completa como un hablante nativo.<\/p>\n\n\n\n<div style=\"height:9px\" aria-hidden=\"true\" class=\"wp-block-spacer\"><\/div>\n\n\n<div class=\"gb-button-wrapper gb-button-wrapper-0c2d1f91\">\n\n<a class=\"gb-button gb-button-ef2fecb7 gb-button-text\" href=\"https:\/\/www.yourenglishschooltm.com\/es\/como-funciona\/\">Aprende m\u00e1s<\/a>\n\n<\/div>\n<\/div><\/div><\/div>\n\n<div class=\"gb-grid-column gb-grid-column-cd5af7ff\"><div class=\"gb-container gb-container-cd5af7ff\"><div class=\"gb-inside-container\">\n\n<figure class=\"wp-block-embed is-type-video is-provider-youtube wp-block-embed-youtube wp-embed-aspect-4-3 wp-has-aspect-ratio\"><div class=\"wp-block-embed__wrapper\">\n<iframe loading=\"lazy\" title=\"Problems Communicating?\" width=\"1200\" height=\"900\" src=\"https:\/\/www.youtube.com\/embed\/43BIN8R7ZNM?feature=oembed\" frameborder=\"0\" allow=\"accelerometer; autoplay; clipboard-write; encrypted-media; gyroscope; picture-in-picture; web-share\" allowfullscreen><\/iframe>\n<\/div><\/figure>\n\n<\/div><\/div><\/div>\n<\/div>\n<\/div><\/div>\n<div style=\"height:36px\" aria-hidden=\"true\" class=\"wp-block-spacer\"><\/div>\n<div class=\"gb-container gb-container-0ac58644 alignfull\"><div class=\"gb-inside-container\">\n<div class=\"gb-grid-wrapper gb-grid-wrapper-394e5ebf\">\n<div class=\"gb-grid-column gb-grid-column-eb86e6fa\"><div class=\"gb-container gb-container-eb86e6fa\"><div class=\"gb-inside-container\">\n\n<div style=\"height:63px\" aria-hidden=\"true\" class=\"wp-block-spacer\"><\/div>\n\n\n\n<h4 class=\"wp-block-heading\">\u00bfListo para aprender ingl\u00e9s en l\u00ednea?<\/h4>\n\n\n\n<p>Inscr\u00edbete en nuestro curso gratuito, haz los ex\u00e1menes y abre la puerta<br\/>a nuevas posibilidades como hablante fluido del idioma ingl\u00e9s.<\/p>\n\n\n\n<div style=\"height:69px\" aria-hidden=\"true\" class=\"wp-block-spacer\"><\/div>\n\n<\/div><\/div><\/div>\n\n<div class=\"gb-grid-column gb-grid-column-a799218e\"><div class=\"gb-container gb-container-a799218e\"><div class=\"gb-inside-container\">\n\n<div style=\"height:69px\" aria-hidden=\"true\" class=\"wp-block-spacer\"><\/div>\n\n\n<div class=\"gb-button-wrapper gb-button-wrapper-c30badab\">\n\n<a class=\"gb-button gb-button-b7d67161 gb-button-text\" href=\"https:\/\/www.yourenglishschooltm.com\/es\/registro\/\">Enl\u00edstate Ahora<\/a>\n\n<\/div>\n\n\n<div style=\"height:63px\" aria-hidden=\"true\" class=\"wp-block-spacer\"><\/div>\n\n<\/div><\/div><\/div>\n<\/div>\n<\/div><\/div>\n<div style=\"height:36px\" aria-hidden=\"true\" class=\"wp-block-spacer\"><\/div>\n<div class=\"gb-container gb-container-3b5bf4de\"><div class=\"gb-inside-container\">\n<div class=\"gb-grid-wrapper gb-grid-wrapper-bdc200bd\">\n<div class=\"gb-grid-column gb-grid-column-cd12528a\"><div class=\"gb-container gb-container-cd12528a\"><div class=\"gb-inside-container\">\n\n<div style=\"height:36px\" aria-hidden=\"true\" class=\"wp-block-spacer\"><\/div>\n\n\n\n<h4 class=\"wp-block-heading\">\u00bfQu\u00e9 es Y.E.S.tm?<\/h4>\n\n\n\n<p>Y.E.S.tm le ofrece lecciones de ingl\u00e9s en l\u00ednea privadas autodidactas gratuitas y tambi\u00e9n proporciona materiales de aprendizaje gratuitos. Toma nuestras lecciones y navega por todas las secciones.<\/p>\n\n\n\n<p>Realice pruebas para mejorar su comprensi\u00f3n del idioma y obtenga un certificado certificado de Y.E.S.tm.<\/p>\n\n\n\n<div style=\"height:36px\" aria-hidden=\"true\" class=\"wp-block-spacer\"><\/div>\n\n\n<div class=\"gb-button-wrapper gb-button-wrapper-6352c375\">\n\n<a class=\"gb-button gb-button-4bc86ea1 gb-button-text\" href=\"https:\/\/www.yourenglishschooltm.com\/es\/registro\/\">Enl\u00edstate Ahora<\/a>\n\n<\/div>\n<\/div><\/div><\/div>\n\n<div class=\"gb-grid-column gb-grid-column-87c8bbce\"><div class=\"gb-container gb-container-87c8bbce\"><div class=\"gb-inside-container\">\n\n<div style=\"height:9px\" aria-hidden=\"true\" class=\"wp-block-spacer\"><\/div>\n\n\n\n<div style=\"height:18px\" aria-hidden=\"true\" class=\"wp-block-spacer\"><\/div>\n\n\n\n<figure class=\"gb-block-image gb-block-image-1fdef25c\"><img decoding=\"async\" class=\"gb-image gb-image-1fdef25c\" src=\"https:\/\/www.yourenglishschooltm.com\/wp-content\/uploads\/yestm-school-image.png\" alt=\"\" title=\"yestm-school-image\"><\/figure>\n\n<\/div><\/div><\/div>\n<\/div>\n<\/div><\/div>","protected":false},"excerpt":{"rendered":"<p>Como se ve en:<\/p>\n","protected":false},"author":105,"featured_media":0,"parent":0,"menu_order":1,"comment_status":"closed","ping_status":"closed","template":"","meta":{"footnotes":""},"class_list":["post-47257","page","type-page","status-publish"],"_links":{"self":[{"href":"https:\/\/www.yourenglishschooltm.com\/es\/wp-json\/wp\/v2\/pages\/47257","targetHints":{"allow":["GET"]}}],"collection":[{"href":"https:\/\/www.yourenglishschooltm.com\/es\/wp-json\/wp\/v2\/pages"}],"about":[{"href":"https:\/\/www.yourenglishschooltm.com\/es\/wp-json\/wp\/v2\/types\/page"}],"author":[{"embeddable":true,"href":"https:\/\/www.yourenglishschooltm.com\/es\/wp-json\/wp\/v2\/users\/105"}],"replies":[{"embeddable":true,"href":"https:\/\/www.yourenglishschooltm.com\/es\/wp-json\/wp\/v2\/comments?post=47257"}],"version-history":[{"count":0,"href":"https:\/\/www.yourenglishschooltm.com\/es\/wp-json\/wp\/v2\/pages\/47257\/revisions"}],"wp:attachment":[{"href":"https:\/\/www.yourenglishschooltm.com\/es\/wp-json\/wp\/v2\/media?parent=47257"}],"curies":[{"name":"wp","href":"https:\/\/api.w.org\/{rel}","templated":true}]}}